{"id":61,"date":"2022-08-25T19:20:13","date_gmt":"2022-08-25T17:20:13","guid":{"rendered":"http:\/\/www.bkcooperation.be\/BKC\/?page_id=61"},"modified":"2024-09-09T15:38:47","modified_gmt":"2024-09-09T13:38:47","slug":"olalphabetisation-au-profit-des-femmes","status":"publish","type":"page","link":"https:\/\/www.bkcooperation.be\/BKC\/index.php\/olalphabetisation-au-profit-des-femmes\/","title":{"rendered":"L\u2019alphab\u00e9tisation au profit des femmes"},"content":{"rendered":"<p>Plus de 85% de la population du Burkina Faso vit en milieu rural. Les femmes repr\u00e9sentent plus de la moiti\u00e9 soit environ 53%. Le taux de scolarisation de la population peine \u00e0 atteindre 40% et le taux d\u2019analphab\u00e9tisme est encore plus marqu\u00e9 chez les femmes et les jeunes filles.<br \/>\n<br \/>\nDepuis 2020, BKC finance <strong>des cours d\u2019alphab\u00e9tisation au profit des femmes<\/strong> pour leur permettre d\u2019apprendre \u00e0 \u00e9crire, \u00e0 lire et \u00e0 compter dans leur propre langue, le ly\u00e9l\u00e9. Des th\u00e9matiques sur la sant\u00e9, l\u2019\u00e9conomie familiale, l\u2019environnement, les maladies\u2026 sont aussi abord\u00e9es durant ces cours.<br \/>\n<br \/>\nElles sont \u00e9galement form\u00e9es dans la fabrication de savon, la transformation des produits forestiers non ligneux, la teinture, la production des plantes etc. L\u2019id\u00e9e est de les rendre les plus autonomes possible.<\/p>\n<p><\/p>\n<h3><font color=#F2C735>En 2023<\/font><\/h3>\n<p><\/p>\n<ul style=\"list-style-type:square;\">\n<li>23 femmes se sont inscrites pour poursuivre la 3\u00e8me ann\u00e9e en alphab\u00e9tisation ;<\/li>\n<li>17 femmes ont \u00e9t\u00e9 \u00e9valu\u00e9es et 13 d\u2019entre elles ont \u00e9t\u00e9 d\u00e9clar\u00e9es admises ;<\/li>\n<li>Des tamariniers ont \u00e9t\u00e9 offerts \u00e0 toutes celles qui ont particip\u00e9 \u00e0 cette formation.<\/li>\n<p><img loading=\"lazy\" decoding=\"async\" src=\"https:\/\/www.bkcooperation.be\/BKC\/wp-content\/uploads\/2023\/03\/Microcredit-3.jpg\" alt=\"\" width=\"800\" height=\"600\" class=\"alignnone size-full wp-image-228\" srcset=\"https:\/\/www.bkcooperation.be\/BKC\/wp-content\/uploads\/2023\/03\/Microcredit-3.jpg 800w, https:\/\/www.bkcooperation.be\/BKC\/wp-content\/uploads\/2023\/03\/Microcredit-3-300x225.jpg 300w, https:\/\/www.bkcooperation.be\/BKC\/wp-content\/uploads\/2023\/03\/Microcredit-3-768x576.jpg 768w, https:\/\/www.bkcooperation.be\/BKC\/wp-content\/uploads\/2023\/03\/Microcredit-3-80x60.jpg 80w\" sizes=\"auto, (max-width: 800px) 100vw, 800px\" \/><br \/>\n<br \/>\n<img loading=\"lazy\" decoding=\"async\" src=\"https:\/\/www.bkcooperation.be\/BKC\/wp-content\/uploads\/2023\/03\/Microcredit-1-1024x768.jpg\" alt=\"\" width=\"840\" height=\"630\" class=\"alignnone size-large wp-image-230\" srcset=\"https:\/\/www.bkcooperation.be\/BKC\/wp-content\/uploads\/2023\/03\/Microcredit-1-1024x768.jpg 1024w, https:\/\/www.bkcooperation.be\/BKC\/wp-content\/uploads\/2023\/03\/Microcredit-1-300x225.jpg 300w, https:\/\/www.bkcooperation.be\/BKC\/wp-content\/uploads\/2023\/03\/Microcredit-1-768x576.jpg 768w, https:\/\/www.bkcooperation.be\/BKC\/wp-content\/uploads\/2023\/03\/Microcredit-1-1536x1152.jpg 1536w, https:\/\/www.bkcooperation.be\/BKC\/wp-content\/uploads\/2023\/03\/Microcredit-1-80x60.jpg 80w, https:\/\/www.bkcooperation.be\/BKC\/wp-content\/uploads\/2023\/03\/Microcredit-1.jpg 1920w\" sizes=\"auto, (max-width: 840px) 100vw, 840px\" \/><br \/>\n<br \/>\n<img loading=\"lazy\" decoding=\"async\" src=\"https:\/\/www.bkcooperation.be\/BKC\/wp-content\/uploads\/2023\/03\/Microcredit-2-1024x768.jpg\" alt=\"\" width=\"840\" height=\"630\" class=\"alignnone size-large wp-image-229\" srcset=\"https:\/\/www.bkcooperation.be\/BKC\/wp-content\/uploads\/2023\/03\/Microcredit-2-1024x768.jpg 1024w, https:\/\/www.bkcooperation.be\/BKC\/wp-content\/uploads\/2023\/03\/Microcredit-2-300x225.jpg 300w, https:\/\/www.bkcooperation.be\/BKC\/wp-content\/uploads\/2023\/03\/Microcredit-2-768x576.jpg 768w, https:\/\/www.bkcooperation.be\/BKC\/wp-content\/uploads\/2023\/03\/Microcredit-2-1536x1152.jpg 1536w, https:\/\/www.bkcooperation.be\/BKC\/wp-content\/uploads\/2023\/03\/Microcredit-2-80x60.jpg 80w, https:\/\/www.bkcooperation.be\/BKC\/wp-content\/uploads\/2023\/03\/Microcredit-2.jpg 1920w\" sizes=\"auto, (max-width: 840px) 100vw, 840px\" \/><\/p>\n<p>\n<center><em><img loading=\"lazy\" decoding=\"async\" src=\"https:\/\/www.bkcooperation.be\/BKC\/wp-content\/uploads\/2023\/03\/IMG-20220410-WA0002-300x225.jpg\" alt=\"\" width=\"300\" height=\"225\" class=\"alignnone size-medium wp-image-234\" srcset=\"https:\/\/www.bkcooperation.be\/BKC\/wp-content\/uploads\/2023\/03\/IMG-20220410-WA0002-300x225.jpg 300w, https:\/\/www.bkcooperation.be\/BKC\/wp-content\/uploads\/2023\/03\/IMG-20220410-WA0002-1024x768.jpg 1024w, https:\/\/www.bkcooperation.be\/BKC\/wp-content\/uploads\/2023\/03\/IMG-20220410-WA0002-768x576.jpg 768w, https:\/\/www.bkcooperation.be\/BKC\/wp-content\/uploads\/2023\/03\/IMG-20220410-WA0002-80x60.jpg 80w, https:\/\/www.bkcooperation.be\/BKC\/wp-content\/uploads\/2023\/03\/IMG-20220410-WA0002.jpg 1080w\" sizes=\"auto, (max-width: 300px) 100vw, 300px\" \/> <img loading=\"lazy\" decoding=\"async\" src=\"https:\/\/www.bkcooperation.be\/BKC\/wp-content\/uploads\/2023\/03\/IMG-20220410-WA0003-300x225.jpg\" alt=\"\" width=\"300\" height=\"225\" class=\"alignnone size-medium wp-image-236\" srcset=\"https:\/\/www.bkcooperation.be\/BKC\/wp-content\/uploads\/2023\/03\/IMG-20220410-WA0003-300x225.jpg 300w, https:\/\/www.bkcooperation.be\/BKC\/wp-content\/uploads\/2023\/03\/IMG-20220410-WA0003-1024x768.jpg 1024w, https:\/\/www.bkcooperation.be\/BKC\/wp-content\/uploads\/2023\/03\/IMG-20220410-WA0003-768x576.jpg 768w, https:\/\/www.bkcooperation.be\/BKC\/wp-content\/uploads\/2023\/03\/IMG-20220410-WA0003-80x60.jpg 80w, https:\/\/www.bkcooperation.be\/BKC\/wp-content\/uploads\/2023\/03\/IMG-20220410-WA0003.jpg 1080w\" sizes=\"auto, (max-width: 300px) 100vw, 300px\" \/><\/em><\/p>\n<p>\n<br \/>\n<img loading=\"lazy\" decoding=\"async\" src=\"https:\/\/www.bkcooperation.be\/BKC\/wp-content\/uploads\/2023\/03\/IMG-20220410-WA0004-300x225.jpg\" alt=\"\" width=\"300\" height=\"225\" class=\"alignnone size-medium wp-image-235\" srcset=\"https:\/\/www.bkcooperation.be\/BKC\/wp-content\/uploads\/2023\/03\/IMG-20220410-WA0004-300x225.jpg 300w, https:\/\/www.bkcooperation.be\/BKC\/wp-content\/uploads\/2023\/03\/IMG-20220410-WA0004-1024x768.jpg 1024w, https:\/\/www.bkcooperation.be\/BKC\/wp-content\/uploads\/2023\/03\/IMG-20220410-WA0004-768x576.jpg 768w, https:\/\/www.bkcooperation.be\/BKC\/wp-content\/uploads\/2023\/03\/IMG-20220410-WA0004-80x60.jpg 80w, https:\/\/www.bkcooperation.be\/BKC\/wp-content\/uploads\/2023\/03\/IMG-20220410-WA0004.jpg 1080w\" sizes=\"auto, (max-width: 300px) 100vw, 300px\" \/> <img loading=\"lazy\" decoding=\"async\" src=\"https:\/\/www.bkcooperation.be\/BKC\/wp-content\/uploads\/2023\/03\/IMG-20220410-WA0001-300x225.jpg\" alt=\"\" width=\"300\" height=\"225\" class=\"alignnone size-medium wp-image-237\" srcset=\"https:\/\/www.bkcooperation.be\/BKC\/wp-content\/uploads\/2023\/03\/IMG-20220410-WA0001-300x225.jpg 300w, https:\/\/www.bkcooperation.be\/BKC\/wp-content\/uploads\/2023\/03\/IMG-20220410-WA0001-1024x768.jpg 1024w, https:\/\/www.bkcooperation.be\/BKC\/wp-content\/uploads\/2023\/03\/IMG-20220410-WA0001-768x576.jpg 768w, https:\/\/www.bkcooperation.be\/BKC\/wp-content\/uploads\/2023\/03\/IMG-20220410-WA0001-80x60.jpg 80w, https:\/\/www.bkcooperation.be\/BKC\/wp-content\/uploads\/2023\/03\/IMG-20220410-WA0001.jpg 1080w\" sizes=\"auto, (max-width: 300px) 100vw, 300px\" \/><\/p>\n","protected":false},"excerpt":{"rendered":"<p>Plus de 85% de la population du Burkina Faso vit en milieu rural. Les femmes repr\u00e9sentent plus de la moiti\u00e9 soit environ 53%. Le taux &hellip; <\/p>\n","protected":false},"author":1,"featured_media":0,"parent":0,"menu_order":0,"comment_status":"closed","ping_status":"closed","template":"","meta":{"footnotes":""},"class_list":["post-61","page","type-page","status-publish","hentry"],"_links":{"self":[{"href":"https:\/\/www.bkcooperation.be\/BKC\/index.php\/wp-json\/wp\/v2\/pages\/61","targetHints":{"allow":["GET"]}}],"collection":[{"href":"https:\/\/www.bkcooperation.be\/BKC\/index.php\/wp-json\/wp\/v2\/pages"}],"about":[{"href":"https:\/\/www.bkcooperation.be\/BKC\/index.php\/wp-json\/wp\/v2\/types\/page"}],"author":[{"embeddable":true,"href":"https:\/\/www.bkcooperation.be\/BKC\/index.php\/wp-json\/wp\/v2\/users\/1"}],"replies":[{"embeddable":true,"href":"https:\/\/www.bkcooperation.be\/BKC\/index.php\/wp-json\/wp\/v2\/comments?post=61"}],"version-history":[{"count":7,"href":"https:\/\/www.bkcooperation.be\/BKC\/index.php\/wp-json\/wp\/v2\/pages\/61\/revisions"}],"predecessor-version":[{"id":449,"href":"https:\/\/www.bkcooperation.be\/BKC\/index.php\/wp-json\/wp\/v2\/pages\/61\/revisions\/449"}],"wp:attachment":[{"href":"https:\/\/www.bkcooperation.be\/BKC\/index.php\/wp-json\/wp\/v2\/media?parent=61"}],"curies":[{"name":"wp","href":"https:\/\/api.w.org\/{rel}","templated":true}]}}