{"id":60,"date":"2022-08-25T19:20:13","date_gmt":"2022-08-25T17:20:13","guid":{"rendered":"http:\/\/www.bkcooperation.be\/BKC\/?page_id=60"},"modified":"2023-08-08T16:20:58","modified_gmt":"2023-08-08T14:20:58","slug":"le-micro-credit","status":"publish","type":"page","link":"https:\/\/www.bkcooperation.be\/BKC\/index.php\/le-micro-credit\/","title":{"rendered":"Le microcr\u00e9dit"},"content":{"rendered":"\r\n<p>Le microcr\u00e9dit est une id\u00e9e qui nous est venue assez rapidement suite \u00e0 notre collaboration avec l\u2019A.S.B.L. GEFED dont le responsable avait particip\u00e9 \u00e0 l\u2019encadrement de notre voyage de 2003.\r\n<br \/>\r\n<br \/>\r\nApr\u00e8s r\u00e9flexion, l\u2019id\u00e9e de <strong>financer des projets essentiellement tourn\u00e9s vers des femmes sans emploi<\/strong> a fait son chemin. GEFED a ensuite fait faillite aupr\u00e8s de nombreux partenaires belges. Il a donc \u00e9t\u00e9 n\u00e9cessaire de trouver un autre partenariat et celui-ci s\u2019est concr\u00e9tis\u00e9 en 2014 avec <strong>APJN (Association Pya Sulu des Jeunes de N\u00e9dialpoun)<\/strong>. Cette seconde exp\u00e9rience fut plus positive et \u00e0 ce jour notre collaboration se poursuit et s\u2019est m\u00eame renforc\u00e9e.<\/p>\r\n\r\n\r\nLe principe du microcr\u00e9dit? une femme re\u00e7oit 50\u20ac en pr\u00eat pour une dur\u00e9e de 6 mois pour d\u00e9velopper leur activit\u00e9. Nous avons commenc\u00e9 avec 1 000\u20ac et avons augment\u00e9 le fond chaque ann\u00e9e. \u00c0 ce jour, le fonds du microcr\u00e9dit se monte \u00e0 16 100\u20ac et 1 439 femmes ont re\u00e7u un pr\u00eat.\r\nChaque trimestre, nous recevons un fichier avec la liste des b\u00e9n\u00e9ficiaires. \r\n<br \/>\r\n<br \/>\r\nNous savons que, si une m\u00e8re dispose d&rsquo;un revenu plus ou moins r\u00e9gulier, ses enfants seront mieux nourris et seront scolaris\u00e9s, y compris les filles. Il s&rsquo;agit donc d&rsquo;un v\u00e9ritable levier social.\r\n\r\n<br \/>\r\n<h3><font color=#F2C735>En 2022<\/font><\/h3>\r\n<br \/>\r\n<ul style=\"list-style-type:square;\">\r\n<li>784 femmes ont b\u00e9n\u00e9fici\u00e9 du microcr\u00e9dit ;<\/li>\r\n<li>cela a permis \u00e0 620 d&rsquo;entre elles de scolariser leurs enfants ;<\/li> \r\n<li>285 de celles-ci ont pu investir dans un v\u00e9lo pour mener \u00e0 bien leurs activit\u00e9 ;<\/li>\r\n<li>elles ont gagn\u00e9 un peu plus en ind\u00e9pendance au sein de leur famille.<\/li>\r\n<br \/>\r\n<br \/>\r\n<img loading=\"lazy\" decoding=\"async\" src=\"https:\/\/www.bkcooperation.be\/BKC\/wp-content\/uploads\/2023\/03\/Microcredit-3.jpg\" alt=\"\" width=\"800\" height=\"600\" class=\"alignnone size-full wp-image-228\" srcset=\"https:\/\/www.bkcooperation.be\/BKC\/wp-content\/uploads\/2023\/03\/Microcredit-3.jpg 800w, https:\/\/www.bkcooperation.be\/BKC\/wp-content\/uploads\/2023\/03\/Microcredit-3-300x225.jpg 300w, https:\/\/www.bkcooperation.be\/BKC\/wp-content\/uploads\/2023\/03\/Microcredit-3-768x576.jpg 768w, https:\/\/www.bkcooperation.be\/BKC\/wp-content\/uploads\/2023\/03\/Microcredit-3-80x60.jpg 80w\" sizes=\"auto, (max-width: 800px) 100vw, 800px\" \/>\r\n<br \/>\r\n<img loading=\"lazy\" decoding=\"async\" src=\"https:\/\/www.bkcooperation.be\/BKC\/wp-content\/uploads\/2023\/03\/Microcredit-1-1024x768.jpg\" alt=\"\" width=\"840\" height=\"630\" class=\"alignnone size-large wp-image-230\" srcset=\"https:\/\/www.bkcooperation.be\/BKC\/wp-content\/uploads\/2023\/03\/Microcredit-1-1024x768.jpg 1024w, https:\/\/www.bkcooperation.be\/BKC\/wp-content\/uploads\/2023\/03\/Microcredit-1-300x225.jpg 300w, https:\/\/www.bkcooperation.be\/BKC\/wp-content\/uploads\/2023\/03\/Microcredit-1-768x576.jpg 768w, https:\/\/www.bkcooperation.be\/BKC\/wp-content\/uploads\/2023\/03\/Microcredit-1-1536x1152.jpg 1536w, https:\/\/www.bkcooperation.be\/BKC\/wp-content\/uploads\/2023\/03\/Microcredit-1-80x60.jpg 80w, https:\/\/www.bkcooperation.be\/BKC\/wp-content\/uploads\/2023\/03\/Microcredit-1.jpg 1920w\" sizes=\"auto, (max-width: 840px) 100vw, 840px\" \/>\r\n<br \/>\r\n<img loading=\"lazy\" decoding=\"async\" src=\"https:\/\/www.bkcooperation.be\/BKC\/wp-content\/uploads\/2023\/03\/Microcredit-2-1024x768.jpg\" alt=\"\" width=\"840\" height=\"630\" class=\"alignnone size-large wp-image-229\" srcset=\"https:\/\/www.bkcooperation.be\/BKC\/wp-content\/uploads\/2023\/03\/Microcredit-2-1024x768.jpg 1024w, https:\/\/www.bkcooperation.be\/BKC\/wp-content\/uploads\/2023\/03\/Microcredit-2-300x225.jpg 300w, https:\/\/www.bkcooperation.be\/BKC\/wp-content\/uploads\/2023\/03\/Microcredit-2-768x576.jpg 768w, https:\/\/www.bkcooperation.be\/BKC\/wp-content\/uploads\/2023\/03\/Microcredit-2-1536x1152.jpg 1536w, https:\/\/www.bkcooperation.be\/BKC\/wp-content\/uploads\/2023\/03\/Microcredit-2-80x60.jpg 80w, https:\/\/www.bkcooperation.be\/BKC\/wp-content\/uploads\/2023\/03\/Microcredit-2.jpg 1920w\" sizes=\"auto, (max-width: 840px) 100vw, 840px\" \/>","protected":false},"excerpt":{"rendered":"<p>Le microcr\u00e9dit est une id\u00e9e qui nous est venue assez rapidement suite \u00e0 notre collaboration avec l\u2019A.S.B.L. GEFED dont le responsable avait particip\u00e9 \u00e0 l\u2019encadrement &hellip; <\/p>\n","protected":false},"author":1,"featured_media":0,"parent":0,"menu_order":0,"comment_status":"closed","ping_status":"closed","template":"","meta":{"footnotes":""},"class_list":["post-60","page","type-page","status-publish","hentry"],"_links":{"self":[{"href":"https:\/\/www.bkcooperation.be\/BKC\/index.php\/wp-json\/wp\/v2\/pages\/60","targetHints":{"allow":["GET"]}}],"collection":[{"href":"https:\/\/www.bkcooperation.be\/BKC\/index.php\/wp-json\/wp\/v2\/pages"}],"about":[{"href":"https:\/\/www.bkcooperation.be\/BKC\/index.php\/wp-json\/wp\/v2\/types\/page"}],"author":[{"embeddable":true,"href":"https:\/\/www.bkcooperation.be\/BKC\/index.php\/wp-json\/wp\/v2\/users\/1"}],"replies":[{"embeddable":true,"href":"https:\/\/www.bkcooperation.be\/BKC\/index.php\/wp-json\/wp\/v2\/comments?post=60"}],"version-history":[{"count":10,"href":"https:\/\/www.bkcooperation.be\/BKC\/index.php\/wp-json\/wp\/v2\/pages\/60\/revisions"}],"predecessor-version":[{"id":406,"href":"https:\/\/www.bkcooperation.be\/BKC\/index.php\/wp-json\/wp\/v2\/pages\/60\/revisions\/406"}],"wp:attachment":[{"href":"https:\/\/www.bkcooperation.be\/BKC\/index.php\/wp-json\/wp\/v2\/media?parent=60"}],"curies":[{"name":"wp","href":"https:\/\/api.w.org\/{rel}","templated":true}]}}