{"id":466,"date":"2024-09-09T16:36:51","date_gmt":"2024-09-09T14:36:51","guid":{"rendered":"https:\/\/www.bkcooperation.be\/BKC\/?page_id=466"},"modified":"2024-09-09T17:04:52","modified_gmt":"2024-09-09T15:04:52","slug":"le-chateau-deau","status":"publish","type":"page","link":"https:\/\/www.bkcooperation.be\/BKC\/index.php\/le-chateau-deau\/","title":{"rendered":"Le ch\u00e2teau d\u2019eau"},"content":{"rendered":"<p><strong>Le ch\u00e2teau d\u2019eau est un nouveau projet pour notre asbl.<\/strong> Il nous semble utile pour la population parce que celle-ci conna\u00eet plusieurs coupures d\u2019eau \u00e0 Koudougou.<\/p>\n<p><em>\u00ab Pour le moment, la population s\u2019approvisionne aupr\u00e8s d\u2019une pompe, d\u2019une borne fontaine et de quelques puits. Le plus souvent elle est amen\u00e9e \u00e0 parcourir d\u2019autres distances pour s\u2019en acqu\u00e9rir. \u00bb<\/em><\/p>\n<p>Le projet consiste \u00e0 financer les fournitures et l&rsquo;installation de la pompe immerg\u00e9e ainsi que le ch\u00e2teau d&rsquo;eau.<\/p>\n<p><img loading=\"lazy\" decoding=\"async\" src=\"https:\/\/www.bkcooperation.be\/BKC\/wp-content\/uploads\/2024\/09\/457177228_536673905516217_93196732980099072_n-1024x768.jpg\" alt=\"\" width=\"840\" height=\"630\" class=\"aligncenter size-large wp-image-468\" srcset=\"https:\/\/www.bkcooperation.be\/BKC\/wp-content\/uploads\/2024\/09\/457177228_536673905516217_93196732980099072_n-1024x768.jpg 1024w, https:\/\/www.bkcooperation.be\/BKC\/wp-content\/uploads\/2024\/09\/457177228_536673905516217_93196732980099072_n-300x225.jpg 300w, https:\/\/www.bkcooperation.be\/BKC\/wp-content\/uploads\/2024\/09\/457177228_536673905516217_93196732980099072_n-768x576.jpg 768w, https:\/\/www.bkcooperation.be\/BKC\/wp-content\/uploads\/2024\/09\/457177228_536673905516217_93196732980099072_n-80x60.jpg 80w, https:\/\/www.bkcooperation.be\/BKC\/wp-content\/uploads\/2024\/09\/457177228_536673905516217_93196732980099072_n.jpg 1040w\" sizes=\"auto, (max-width: 840px) 100vw, 840px\" \/><\/p>\n","protected":false},"excerpt":{"rendered":"<p>Le ch\u00e2teau d\u2019eau est un nouveau projet pour notre asbl. Il nous semble utile pour la population parce que celle-ci conna\u00eet plusieurs coupures d\u2019eau \u00e0 &hellip; <\/p>\n","protected":false},"author":1,"featured_media":473,"parent":0,"menu_order":0,"comment_status":"closed","ping_status":"closed","template":"","meta":{"footnotes":""},"class_list":["post-466","page","type-page","status-publish","has-post-thumbnail","hentry"],"_links":{"self":[{"href":"https:\/\/www.bkcooperation.be\/BKC\/index.php\/wp-json\/wp\/v2\/pages\/466","targetHints":{"allow":["GET"]}}],"collection":[{"href":"https:\/\/www.bkcooperation.be\/BKC\/index.php\/wp-json\/wp\/v2\/pages"}],"about":[{"href":"https:\/\/www.bkcooperation.be\/BKC\/index.php\/wp-json\/wp\/v2\/types\/page"}],"author":[{"embeddable":true,"href":"https:\/\/www.bkcooperation.be\/BKC\/index.php\/wp-json\/wp\/v2\/users\/1"}],"replies":[{"embeddable":true,"href":"https:\/\/www.bkcooperation.be\/BKC\/index.php\/wp-json\/wp\/v2\/comments?post=466"}],"version-history":[{"count":3,"href":"https:\/\/www.bkcooperation.be\/BKC\/index.php\/wp-json\/wp\/v2\/pages\/466\/revisions"}],"predecessor-version":[{"id":474,"href":"https:\/\/www.bkcooperation.be\/BKC\/index.php\/wp-json\/wp\/v2\/pages\/466\/revisions\/474"}],"wp:featuredmedia":[{"embeddable":true,"href":"https:\/\/www.bkcooperation.be\/BKC\/index.php\/wp-json\/wp\/v2\/media\/473"}],"wp:attachment":[{"href":"https:\/\/www.bkcooperation.be\/BKC\/index.php\/wp-json\/wp\/v2\/media?parent=466"}],"curies":[{"name":"wp","href":"https:\/\/api.w.org\/{rel}","templated":true}]}}