{"id":271,"date":"2023-03-16T14:27:37","date_gmt":"2023-03-16T13:27:37","guid":{"rendered":"https:\/\/www.bkcooperation.be\/BKC\/?page_id=271"},"modified":"2023-03-17T13:12:27","modified_gmt":"2023-03-17T12:12:27","slug":"nos-partenaires","status":"publish","type":"page","link":"https:\/\/www.bkcooperation.be\/BKC\/index.php\/nos-partenaires\/","title":{"rendered":"Nos partenaires"},"content":{"rendered":"<p>L\u2019association soutient exclusivement des projets mis en place <strong>en partenariat avec des associations locales<\/strong>, et jamais directement avec des individus.<\/p>\n<p>Nous nous rendons en moyenne, une fois tous les deux ans en Afrique, pour rencontrer nos partenaires. Il est en effet important pour nous d\u2019\u00e9changer avec eux, d\u2019\u00eatre \u00e0 l\u2019\u00e9coute de leurs besoins et d\u2019ajuster si besoin le financement de certains projets existants ou en lancer de nouveaux. <\/p>\n<p>Nos partenaires locaux sont :<\/p>\n<p><a href=\"https:\/\/www.facebook.com\/associationpyasulu\"><\/p>\n<h6><font color=#F2C735>APJN &#8211; Association Pya Sulu des Jeunes de N\u00e9dialpoun <\/font><\/h6>\n<p> <\/a><\/p>\n<p>\u00c0 N\u00e9dialpoun, un petit village \u00e0 c\u00f4t\u00e9 de Koudougou, BKC d\u00e9veloppe plusieurs projets en partenariat avec l&rsquo;association APJN et ce depuis 2014. <\/p>\n<figure id=\"attachment_370\" aria-describedby=\"caption-attachment-370\" style=\"width: 840px\" class=\"wp-caption alignnone\"><img loading=\"lazy\" decoding=\"async\" src=\"https:\/\/www.bkcooperation.be\/BKC\/wp-content\/uploads\/2023\/03\/274810944_5219888598075676_2064046450092466589_n-1024x768.jpg\" alt=\"\" width=\"840\" height=\"630\" class=\"size-large wp-image-370\" srcset=\"https:\/\/www.bkcooperation.be\/BKC\/wp-content\/uploads\/2023\/03\/274810944_5219888598075676_2064046450092466589_n-1024x768.jpg 1024w, https:\/\/www.bkcooperation.be\/BKC\/wp-content\/uploads\/2023\/03\/274810944_5219888598075676_2064046450092466589_n-300x225.jpg 300w, https:\/\/www.bkcooperation.be\/BKC\/wp-content\/uploads\/2023\/03\/274810944_5219888598075676_2064046450092466589_n-768x576.jpg 768w, https:\/\/www.bkcooperation.be\/BKC\/wp-content\/uploads\/2023\/03\/274810944_5219888598075676_2064046450092466589_n-1536x1152.jpg 1536w, https:\/\/www.bkcooperation.be\/BKC\/wp-content\/uploads\/2023\/03\/274810944_5219888598075676_2064046450092466589_n-80x60.jpg 80w, https:\/\/www.bkcooperation.be\/BKC\/wp-content\/uploads\/2023\/03\/274810944_5219888598075676_2064046450092466589_n.jpg 2048w\" sizes=\"auto, (max-width: 840px) 100vw, 840px\" \/><figcaption id=\"caption-attachment-370\" class=\"wp-caption-text\">Voyage 2021- Rencontre avec nos partenaires<\/figcaption><\/figure>\n<p><a href=\"https:\/\/www.facebook.com\/DJIBONZOUM22\"><\/p>\n<h6><font color=#F2C735> L\u2019association Club CPN \u00ab les amis de la nature \u00bb <\/font><\/h6>\n<p><\/a><\/p>\n<p>Depuis quelques ann\u00e9es, BKC travaille en collaboration avec l\u2019association Club CPN qui est une organisation active sur le terrain pour d\u00e9fendre la nature, les milieux et les ressources naturelles.<br \/>\nIl y a notamment le financement des projets pour <em>la semaine de l&rsquo;arbre, la p\u00e9pini\u00e8re de R\u00e9o, les gabions, les foyers am\u00e9lior\u00e9s et l&rsquo;alphab\u00e9tisation au profit des femmes<\/em>.<\/p>\n<p><img loading=\"lazy\" decoding=\"async\" src=\"https:\/\/www.bkcooperation.be\/BKC\/wp-content\/uploads\/2023\/03\/30653160_366959177046225_2309141981085451582_n.jpg\" alt=\"\" width=\"960\" height=\"720\" class=\"alignnone size-full wp-image-373\" srcset=\"https:\/\/www.bkcooperation.be\/BKC\/wp-content\/uploads\/2023\/03\/30653160_366959177046225_2309141981085451582_n.jpg 960w, https:\/\/www.bkcooperation.be\/BKC\/wp-content\/uploads\/2023\/03\/30653160_366959177046225_2309141981085451582_n-300x225.jpg 300w, https:\/\/www.bkcooperation.be\/BKC\/wp-content\/uploads\/2023\/03\/30653160_366959177046225_2309141981085451582_n-768x576.jpg 768w, https:\/\/www.bkcooperation.be\/BKC\/wp-content\/uploads\/2023\/03\/30653160_366959177046225_2309141981085451582_n-80x60.jpg 80w\" sizes=\"auto, (max-width: 960px) 100vw, 960px\" \/><\/p>\n","protected":false},"excerpt":{"rendered":"<p>L\u2019association soutient exclusivement des projets mis en place en partenariat avec des associations locales, et jamais directement avec des individus. Nous nous rendons en moyenne, &hellip; <\/p>\n","protected":false},"author":1,"featured_media":0,"parent":0,"menu_order":0,"comment_status":"closed","ping_status":"closed","template":"","meta":{"footnotes":""},"class_list":["post-271","page","type-page","status-publish","hentry"],"_links":{"self":[{"href":"https:\/\/www.bkcooperation.be\/BKC\/index.php\/wp-json\/wp\/v2\/pages\/271","targetHints":{"allow":["GET"]}}],"collection":[{"href":"https:\/\/www.bkcooperation.be\/BKC\/index.php\/wp-json\/wp\/v2\/pages"}],"about":[{"href":"https:\/\/www.bkcooperation.be\/BKC\/index.php\/wp-json\/wp\/v2\/types\/page"}],"author":[{"embeddable":true,"href":"https:\/\/www.bkcooperation.be\/BKC\/index.php\/wp-json\/wp\/v2\/users\/1"}],"replies":[{"embeddable":true,"href":"https:\/\/www.bkcooperation.be\/BKC\/index.php\/wp-json\/wp\/v2\/comments?post=271"}],"version-history":[{"count":6,"href":"https:\/\/www.bkcooperation.be\/BKC\/index.php\/wp-json\/wp\/v2\/pages\/271\/revisions"}],"predecessor-version":[{"id":369,"href":"https:\/\/www.bkcooperation.be\/BKC\/index.php\/wp-json\/wp\/v2\/pages\/271\/revisions\/369"}],"wp:attachment":[{"href":"https:\/\/www.bkcooperation.be\/BKC\/index.php\/wp-json\/wp\/v2\/media?parent=271"}],"curies":[{"name":"wp","href":"https:\/\/api.w.org\/{rel}","templated":true}]}}