{"id":270,"date":"2023-03-16T14:27:36","date_gmt":"2023-03-16T13:27:36","guid":{"rendered":"https:\/\/www.bkcooperation.be\/BKC\/?page_id=270"},"modified":"2023-08-07T13:12:30","modified_gmt":"2023-08-07T11:12:30","slug":"nous-soutenir","status":"publish","type":"page","link":"https:\/\/www.bkcooperation.be\/BKC\/index.php\/nous-soutenir\/","title":{"rendered":"Nous soutenir"},"content":{"rendered":"<h6> Des produits burkinab\u00e8 <\/h6>\n<p>Nous vendons quelques produits burkinab\u00e8 afin de financer nos projets, ils sont \u00e0 retrouver <a href=\"https:\/\/www.bkcooperation.be\/BKC\/index.php\/nos-produits\/\"><font color=#F2C735>ici<\/font><\/a>.<\/p>\n<h6> Faire un don <\/h6>\n<p>Vous pouvez faire vos dons au compte de l\u2019ASBL Belgique-Koudougou Coop\u00e9ration.<\/p>\n<p>Les dons de 40\u20ac minimum vers\u00e9s sur notre compte <strong>sont d\u00e9ductibles fiscalement<\/strong>.<br \/>\nIndiquez <em>\u00abdon\u00bb<\/em> en communication du virement afin de recevoir l\u2019attestation fiscale et envoyez un mail pour nous communiquer votre adresse postale afin de vous envoyer cette attestation.<\/p>\n<p>Pour recevoir nos informations bancaires, envoyez-nous un email \u00e0 <a href=\"mailto:info@bkcooperation.be\">info@bkcooperation.be<\/a>.<\/p>\n","protected":false},"excerpt":{"rendered":"<p>Des produits burkinab\u00e8 Nous vendons quelques produits burkinab\u00e8 afin de financer nos projets, ils sont \u00e0 retrouver ici. Faire un don Vous pouvez faire vos &hellip; <\/p>\n","protected":false},"author":1,"featured_media":0,"parent":0,"menu_order":0,"comment_status":"closed","ping_status":"closed","template":"","meta":{"footnotes":""},"class_list":["post-270","page","type-page","status-publish","hentry"],"_links":{"self":[{"href":"https:\/\/www.bkcooperation.be\/BKC\/index.php\/wp-json\/wp\/v2\/pages\/270","targetHints":{"allow":["GET"]}}],"collection":[{"href":"https:\/\/www.bkcooperation.be\/BKC\/index.php\/wp-json\/wp\/v2\/pages"}],"about":[{"href":"https:\/\/www.bkcooperation.be\/BKC\/index.php\/wp-json\/wp\/v2\/types\/page"}],"author":[{"embeddable":true,"href":"https:\/\/www.bkcooperation.be\/BKC\/index.php\/wp-json\/wp\/v2\/users\/1"}],"replies":[{"embeddable":true,"href":"https:\/\/www.bkcooperation.be\/BKC\/index.php\/wp-json\/wp\/v2\/comments?post=270"}],"version-history":[{"count":4,"href":"https:\/\/www.bkcooperation.be\/BKC\/index.php\/wp-json\/wp\/v2\/pages\/270\/revisions"}],"predecessor-version":[{"id":393,"href":"https:\/\/www.bkcooperation.be\/BKC\/index.php\/wp-json\/wp\/v2\/pages\/270\/revisions\/393"}],"wp:attachment":[{"href":"https:\/\/www.bkcooperation.be\/BKC\/index.php\/wp-json\/wp\/v2\/media?parent=270"}],"curies":[{"name":"wp","href":"https:\/\/api.w.org\/{rel}","templated":true}]}}