{"id":2,"date":"2022-08-25T17:08:17","date_gmt":"2022-08-25T15:08:17","guid":{"rendered":"http:\/\/www.bkcooperation.be\/BKC\/?page_id=2"},"modified":"2024-09-09T15:05:00","modified_gmt":"2024-09-09T13:05:00","slug":"page-d-exemple","status":"publish","type":"page","link":"https:\/\/www.bkcooperation.be\/BKC\/index.php\/page-d-exemple\/","title":{"rendered":"Notre association"},"content":{"rendered":"\r\n<p> L\u2019ASBL <strong>BKC (Belgique Koudougou Coop\u00e9ration)<\/strong> tire son nom d\u2019un voyage organis\u00e9 en 2003 par l\u2019Institut Sainte-Ursule de Forest.  \u00c0 l\u2019\u00e9poque, une vingtaine d\u2019\u00e9l\u00e8ves et leurs professeurs participaient \u00e0 un voyage de rh\u00e9to, la r\u00e9gion de Koudougou nous avait alors \u00e9t\u00e9 propos\u00e9e par l\u2019A.S.B.L. D.B.A. qui assurait l\u2019organisation de ce voyage.<\/p>\r\n\r\n<p align=\"center\"><img loading=\"lazy\" decoding=\"async\" src=\"https:\/\/www.bkcooperation.be\/BKC\/wp-content\/uploads\/2023\/03\/BKC-1024x788.png\" alt=\"\" width=\"840\" height=\"646\" class=\"alignnone size-large wp-image-384\" srcset=\"https:\/\/www.bkcooperation.be\/BKC\/wp-content\/uploads\/2023\/03\/BKC-1024x788.png 1024w, https:\/\/www.bkcooperation.be\/BKC\/wp-content\/uploads\/2023\/03\/BKC-300x231.png 300w, https:\/\/www.bkcooperation.be\/BKC\/wp-content\/uploads\/2023\/03\/BKC-768x591.png 768w, https:\/\/www.bkcooperation.be\/BKC\/wp-content\/uploads\/2023\/03\/BKC-1536x1182.png 1536w, https:\/\/www.bkcooperation.be\/BKC\/wp-content\/uploads\/2023\/03\/BKC-2048x1577.png 2048w, https:\/\/www.bkcooperation.be\/BKC\/wp-content\/uploads\/2023\/03\/BKC-78x60.png 78w\" sizes=\"auto, (max-width: 840px) 100vw, 840px\" \/>\r\n<img loading=\"lazy\" decoding=\"async\" src=\"https:\/\/www.bkcooperation.be\/BKC\/wp-content\/uploads\/2023\/03\/PC200040-300x225.jpg\" alt=\"\" width=\"300\" height=\"225\" class=\"size-medium wp-image-217\" srcset=\"https:\/\/www.bkcooperation.be\/BKC\/wp-content\/uploads\/2023\/03\/PC200040-300x225.jpg 300w, https:\/\/www.bkcooperation.be\/BKC\/wp-content\/uploads\/2023\/03\/PC200040-768x576.jpg 768w, https:\/\/www.bkcooperation.be\/BKC\/wp-content\/uploads\/2023\/03\/PC200040-80x60.jpg 80w, https:\/\/www.bkcooperation.be\/BKC\/wp-content\/uploads\/2023\/03\/PC200040.jpg 800w\" sizes=\"auto, (max-width: 300px) 100vw, 300px\" \/> <img loading=\"lazy\" decoding=\"async\" src=\"https:\/\/www.bkcooperation.be\/BKC\/wp-content\/uploads\/2023\/03\/BURKINA-FASO-EN-COMPAGNIE-DE-LISA-052-300x225.jpg\" alt=\"\" width=\"300\" height=\"225\" class=\"size-medium wp-image-218\" srcset=\"https:\/\/www.bkcooperation.be\/BKC\/wp-content\/uploads\/2023\/03\/BURKINA-FASO-EN-COMPAGNIE-DE-LISA-052-300x225.jpg 300w, https:\/\/www.bkcooperation.be\/BKC\/wp-content\/uploads\/2023\/03\/BURKINA-FASO-EN-COMPAGNIE-DE-LISA-052-768x576.jpg 768w, https:\/\/www.bkcooperation.be\/BKC\/wp-content\/uploads\/2023\/03\/BURKINA-FASO-EN-COMPAGNIE-DE-LISA-052-80x60.jpg 80w, https:\/\/www.bkcooperation.be\/BKC\/wp-content\/uploads\/2023\/03\/BURKINA-FASO-EN-COMPAGNIE-DE-LISA-052.jpg 800w\" sizes=\"auto, (max-width: 300px) 100vw, 300px\" \/><p align=\"center\"> <img loading=\"lazy\" decoding=\"async\" src=\"https:\/\/www.bkcooperation.be\/BKC\/wp-content\/uploads\/2023\/03\/DSCN2083-300x225.jpg\" alt=\"\" width=\"300\" height=\"225\" class=\"size-medium wp-image-219\" srcset=\"https:\/\/www.bkcooperation.be\/BKC\/wp-content\/uploads\/2023\/03\/DSCN2083-300x225.jpg 300w, https:\/\/www.bkcooperation.be\/BKC\/wp-content\/uploads\/2023\/03\/DSCN2083-768x576.jpg 768w, https:\/\/www.bkcooperation.be\/BKC\/wp-content\/uploads\/2023\/03\/DSCN2083-80x60.jpg 80w, https:\/\/www.bkcooperation.be\/BKC\/wp-content\/uploads\/2023\/03\/DSCN2083.jpg 800w\" sizes=\"auto, (max-width: 300px) 100vw, 300px\" \/>\r\n\r\n<br \/>\r\n<br \/> \r\n\r\n<p>\r\n<p> Ce premier voyage au Burkina nous avait permis de r\u00e9aliser quelques projets et surtout d\u2019\u00e9tablir de nombreux contacts. \u00c0 la fin du voyage se posait alors la question du suivi de nos projets et surtout de la mani\u00e8re dont nous pourrions agir pour que ce voyage ne reste pas qu\u2019un souvenir\u2026 Nous voulions, jeunes et adultes, profiter de cet \u00e9lan pour r\u00e9fl\u00e9chir <strong>\u00e0 des projets plus durables et surtout p\u00e9rennes et efficaces.<\/strong><\/p>\r\n\r\n\r\n\r\n<blockquote class=\"wp-block-quote is-layout-flow wp-block-quote-is-layout-flow\"><p>Ainsi, apr\u00e8s d\u2019autres voyages, nous avons continu\u00e9 d\u2019\u00e9largir notre r\u00e9seau relationnel sur place et en Belgique jusqu\u2019\u00e0 la cr\u00e9ation en 2009 de l\u2019A.S.B.L. B.K.C.<\/p><\/blockquote>\r\n\r\n\r\n\r\n<p> Dans un premier temps les axes de nos actions ont \u00e9t\u00e9 orient\u00e9s dans deux directions qui nous semblaient compl\u00e9mentaires : la d\u00e9couverte des probl\u00e9matiques Nord-Sud par <a href=\"https:\/\/www.bkcooperation.be\/BKC\/index.php\/category\/nos-voyages\/\"><font color=#F2C735>l\u2019organisation de voyages<\/font> <\/a>r\u00e9guliers avec des jeunes d\u2019un c\u00f4t\u00e9 puis des r\u00e9alisations de projets de coop\u00e9ration et de d\u00e9veloppement de l\u2019autre. Nous nous sommes alors tourn\u00e9s vers <a href=\"https:\/\/www.bkcooperation.be\/BKC\/index.php\/le-micro-credit\/\"><font color=#F2C735>le microcr\u00e9dit<\/font><\/a> essentiellement destin\u00e9 aux femmes, apr\u00e8s avoir trouv\u00e9 un premier partenaire sur place qui en assurait son bon fonctionnement.\r\n\r\n<br \/><br> Plus tard, suite \u00e0 quelques d\u00e9boires et \u00e0 la disparition de ce premier partenaire, nous nous tournerons vers une deuxi\u00e8me A.S.B.L. <strong>APJN (Association Pya Sulu des Jeunes de N\u00e9dialpoun)<\/strong> avec laquelle nous travaillons toujours aujourd\u2019hui.  Le d\u00e9veloppement certes modeste mais constant de nos moyens nous ont permis alors d\u2019investir dans un deuxi\u00e8me projet de coop\u00e9ration, \u00e0 savoir <a href=\"https:\/\/www.bkcooperation.be\/BKC\/index.php\/le-magasin-solidaire-a-nedialpoun\/\"><font color=#F2C735> le magasin solidaire de N\u00e9dialpoun<\/font><\/a>.\r\n\r\n<br \/><br> Par ailleurs un autre de nos contacts nous a orient\u00e9 vers la pr\u00e9servation de l\u2019environnement dans la r\u00e9gion de Sangui\u00e9 et c&rsquo;est ainsi qu&rsquo;est n\u00e9 <a href=\"https:\/\/www.bkcooperation.be\/BKC\/index.php\/les-gabions\/\"><font color=#F2C735> le projet des gabions<\/font><\/a>.  On peut donc dire aujourd\u2019hui que nos activit\u00e9s se concentrent autour de ces trois axes essentiellement. Les voyages scolaires ont entre temps \u00e9t\u00e9 mis de c\u00f4t\u00e9, en raison des difficult\u00e9s politiques et organisationnelles qui se posaient.<\/p>\r\n\r\n\r\n\r\n<blockquote class=\"wp-block-quote is-layout-flow wp-block-quote-is-layout-flow\"><p>Notre Asbl BKC a f\u00eat\u00e9 ses 10 ans !<\/p><\/blockquote>\r\n\r\n\r\n<img loading=\"lazy\" decoding=\"async\" src=\"https:\/\/www.bkcooperation.be\/BKC\/wp-content\/uploads\/2024\/09\/88210824_768188950256577_3984041217439563776_n.jpg\" alt=\"\" width=\"1316\" height=\"640\" class=\"alignnone size-full wp-image-412\" srcset=\"https:\/\/www.bkcooperation.be\/BKC\/wp-content\/uploads\/2024\/09\/88210824_768188950256577_3984041217439563776_n.jpg 1316w, https:\/\/www.bkcooperation.be\/BKC\/wp-content\/uploads\/2024\/09\/88210824_768188950256577_3984041217439563776_n-300x146.jpg 300w, https:\/\/www.bkcooperation.be\/BKC\/wp-content\/uploads\/2024\/09\/88210824_768188950256577_3984041217439563776_n-1024x498.jpg 1024w, https:\/\/www.bkcooperation.be\/BKC\/wp-content\/uploads\/2024\/09\/88210824_768188950256577_3984041217439563776_n-768x373.jpg 768w, https:\/\/www.bkcooperation.be\/BKC\/wp-content\/uploads\/2024\/09\/88210824_768188950256577_3984041217439563776_n-123x60.jpg 123w\" sizes=\"auto, (max-width: 1316px) 100vw, 1316px\" \/>\r\n<br \/>\r\n\r\n<p align=\"center\"><img loading=\"lazy\" decoding=\"async\" src=\"https:\/\/www.bkcooperation.be\/BKC\/wp-content\/uploads\/2024\/09\/88240526_768188846923254_9055938474896523264_n-1-226x300.jpg\" alt=\"\" width=\"226\" height=\"300\" class=\"alignnone size-medium wp-image-422\" srcset=\"https:\/\/www.bkcooperation.be\/BKC\/wp-content\/uploads\/2024\/09\/88240526_768188846923254_9055938474896523264_n-1-226x300.jpg 226w, https:\/\/www.bkcooperation.be\/BKC\/wp-content\/uploads\/2024\/09\/88240526_768188846923254_9055938474896523264_n-1-45x60.jpg 45w, https:\/\/www.bkcooperation.be\/BKC\/wp-content\/uploads\/2024\/09\/88240526_768188846923254_9055938474896523264_n-1.jpg 640w\" sizes=\"auto, (max-width: 226px) 100vw, 226px\" \/> <img loading=\"lazy\" decoding=\"async\" src=\"https:\/\/www.bkcooperation.be\/BKC\/wp-content\/uploads\/2024\/09\/88363690_768188906923248_3190437316766203904_n-1-226x300.jpg\" alt=\"\" width=\"226\" height=\"300\" class=\"alignnone size-medium wp-image-423\" srcset=\"https:\/\/www.bkcooperation.be\/BKC\/wp-content\/uploads\/2024\/09\/88363690_768188906923248_3190437316766203904_n-1-226x300.jpg 226w, https:\/\/www.bkcooperation.be\/BKC\/wp-content\/uploads\/2024\/09\/88363690_768188906923248_3190437316766203904_n-1-45x60.jpg 45w, https:\/\/www.bkcooperation.be\/BKC\/wp-content\/uploads\/2024\/09\/88363690_768188906923248_3190437316766203904_n-1.jpg 640w\" sizes=\"auto, (max-width: 226px) 100vw, 226px\" \/>","protected":false},"excerpt":{"rendered":"<p>L\u2019ASBL BKC (Belgique Koudougou Coop\u00e9ration) tire son nom d\u2019un voyage organis\u00e9 en 2003 par l\u2019Institut Sainte-Ursule de Forest. \u00c0 l\u2019\u00e9poque, une vingtaine d\u2019\u00e9l\u00e8ves et leurs &hellip; <\/p>\n","protected":false},"author":1,"featured_media":0,"parent":0,"menu_order":0,"comment_status":"closed","ping_status":"open","template":"","meta":{"footnotes":""},"class_list":["post-2","page","type-page","status-publish","hentry"],"_links":{"self":[{"href":"https:\/\/www.bkcooperation.be\/BKC\/index.php\/wp-json\/wp\/v2\/pages\/2","targetHints":{"allow":["GET"]}}],"collection":[{"href":"https:\/\/www.bkcooperation.be\/BKC\/index.php\/wp-json\/wp\/v2\/pages"}],"about":[{"href":"https:\/\/www.bkcooperation.be\/BKC\/index.php\/wp-json\/wp\/v2\/types\/page"}],"author":[{"embeddable":true,"href":"https:\/\/www.bkcooperation.be\/BKC\/index.php\/wp-json\/wp\/v2\/users\/1"}],"replies":[{"embeddable":true,"href":"https:\/\/www.bkcooperation.be\/BKC\/index.php\/wp-json\/wp\/v2\/comments?post=2"}],"version-history":[{"count":23,"href":"https:\/\/www.bkcooperation.be\/BKC\/index.php\/wp-json\/wp\/v2\/pages\/2\/revisions"}],"predecessor-version":[{"id":428,"href":"https:\/\/www.bkcooperation.be\/BKC\/index.php\/wp-json\/wp\/v2\/pages\/2\/revisions\/428"}],"wp:attachment":[{"href":"https:\/\/www.bkcooperation.be\/BKC\/index.php\/wp-json\/wp\/v2\/media?parent=2"}],"curies":[{"name":"wp","href":"https:\/\/api.w.org\/{rel}","templated":true}]}}